{"id":83,"date":"2022-03-23T14:38:21","date_gmt":"2022-03-23T13:38:21","guid":{"rendered":"https:\/\/www.mechatron-gmbh.de\/?page_id=83"},"modified":"2024-05-23T15:21:55","modified_gmt":"2024-05-23T13:21:55","slug":"products","status":"publish","type":"page","link":"https:\/\/www.mechatron-gmbh.de\/en\/produkte-mechatron\/","title":{"rendered":"Products"},"content":{"rendered":"","protected":false},"excerpt":{"rendered":"","protected":false},"author":1,"featured_media":0,"parent":0,"menu_order":0,"comment_status":"closed","ping_status":"closed","template":"","meta":{"_acf_changed":false,"footnotes":""},"class_list":["post-83","page","type-page","status-publish","hentry"],"acf":[],"yoast_head":"<!-- This site is optimized with the Yoast SEO plugin v27.3 - https:\/\/yoast.com\/product\/yoast-seo-wordpress\/ -->\n<title>Produkte | mechatron GmbH<\/title>\n<meta name=\"description\" content=\"Wir entwickeln und produzieren hochwertige Hochfrequenzmotorspindeln an unserem Standort in Hessen. Als innovatives und dynamisches Unternehmen sorgen wir daf\u00fcr, dass automatisierte Industrieanwendungen hochpr\u00e4zise fertigen und anspruchsvolle Heimanwender neue Horizonte erreichen k\u00f6nnen.\" \/>\n<meta name=\"robots\" content=\"index, follow, max-snippet:-1, max-image-preview:large, max-video-preview:-1\" \/>\n<link rel=\"canonical\" href=\"https:\/\/www.mechatron-gmbh.de\/en\/products\/\" \/>\n<meta property=\"og:locale\" content=\"en_US\" \/>\n<meta property=\"og:type\" content=\"article\" \/>\n<meta property=\"og:title\" content=\"Produkte | mechatron GmbH\" \/>\n<meta property=\"og:description\" content=\"Wir entwickeln und produzieren hochwertige Hochfrequenzmotorspindeln an unserem Standort in Hessen. Als innovatives und dynamisches Unternehmen sorgen wir daf\u00fcr, dass automatisierte Industrieanwendungen hochpr\u00e4zise fertigen und anspruchsvolle Heimanwender neue Horizonte erreichen k\u00f6nnen.\" \/>\n<meta property=\"og:url\" content=\"https:\/\/www.mechatron-gmbh.de\/en\/products\/\" \/>\n<meta property=\"og:site_name\" content=\"mechatron GmbH\" \/>\n<meta property=\"article:publisher\" content=\"https:\/\/www.facebook.com\/mechatronGmbh\/\" \/>\n<meta property=\"article:modified_time\" content=\"2024-05-23T13:21:55+00:00\" \/>\n<meta property=\"og:image\" content=\"https:\/\/www.mechatron-gmbh.de\/wp-content\/uploads\/2022\/03\/cropped-2021_07_04-Logo_Redesign-20214-2.png\" \/>\n\t<meta property=\"og:image:width\" content=\"773\" \/>\n\t<meta property=\"og:image:height\" content=\"494\" \/>\n\t<meta property=\"og:image:type\" content=\"image\/png\" \/>\n<meta name=\"twitter:card\" content=\"summary_large_image\" \/>\n<script type=\"application\/ld+json\" class=\"yoast-schema-graph\">{\"@context\":\"https:\\\/\\\/schema.org\",\"@graph\":[{\"@type\":\"WebPage\",\"@id\":\"https:\\\/\\\/www.mechatron-gmbh.de\\\/produkte-mechatron\\\/\",\"url\":\"https:\\\/\\\/www.mechatron-gmbh.de\\\/produkte-mechatron\\\/\",\"name\":\"Produkte | mechatron GmbH\",\"isPartOf\":{\"@id\":\"https:\\\/\\\/www.mechatron-gmbh.de\\\/#website\"},\"datePublished\":\"2022-03-23T13:38:21+00:00\",\"dateModified\":\"2024-05-23T13:21:55+00:00\",\"description\":\"Wir entwickeln und produzieren hochwertige Hochfrequenzmotorspindeln an unserem Standort in Hessen. Als innovatives und dynamisches Unternehmen sorgen wir daf\u00fcr, dass automatisierte Industrieanwendungen hochpr\u00e4zise fertigen und anspruchsvolle Heimanwender neue Horizonte erreichen k\u00f6nnen.\",\"breadcrumb\":{\"@id\":\"https:\\\/\\\/www.mechatron-gmbh.de\\\/produkte-mechatron\\\/#breadcrumb\"},\"inLanguage\":\"en-US\",\"potentialAction\":[{\"@type\":\"ReadAction\",\"target\":[\"https:\\\/\\\/www.mechatron-gmbh.de\\\/produkte-mechatron\\\/\"]}]},{\"@type\":\"BreadcrumbList\",\"@id\":\"https:\\\/\\\/www.mechatron-gmbh.de\\\/produkte-mechatron\\\/#breadcrumb\",\"itemListElement\":[{\"@type\":\"ListItem\",\"position\":1,\"name\":\"Startseite\",\"item\":\"https:\\\/\\\/www.mechatron-gmbh.de\\\/\"},{\"@type\":\"ListItem\",\"position\":2,\"name\":\"Produkte\"}]},{\"@type\":\"WebSite\",\"@id\":\"https:\\\/\\\/www.mechatron-gmbh.de\\\/#website\",\"url\":\"https:\\\/\\\/www.mechatron-gmbh.de\\\/\",\"name\":\"mechatron GmbH\",\"description\":\"Ihr professioneller Partner fu\u0308r Motorspindeln\",\"publisher\":{\"@id\":\"https:\\\/\\\/www.mechatron-gmbh.de\\\/#organization\"},\"potentialAction\":[{\"@type\":\"SearchAction\",\"target\":{\"@type\":\"EntryPoint\",\"urlTemplate\":\"https:\\\/\\\/www.mechatron-gmbh.de\\\/?s={search_term_string}\"},\"query-input\":{\"@type\":\"PropertyValueSpecification\",\"valueRequired\":true,\"valueName\":\"search_term_string\"}}],\"inLanguage\":\"en-US\"},{\"@type\":\"Organization\",\"@id\":\"https:\\\/\\\/www.mechatron-gmbh.de\\\/#organization\",\"name\":\"mechatron GmbH\",\"url\":\"https:\\\/\\\/www.mechatron-gmbh.de\\\/\",\"logo\":{\"@type\":\"ImageObject\",\"inLanguage\":\"en-US\",\"@id\":\"https:\\\/\\\/www.mechatron-gmbh.de\\\/#\\\/schema\\\/logo\\\/image\\\/\",\"url\":\"https:\\\/\\\/www.mechatron-gmbh.de\\\/wp-content\\\/uploads\\\/2022\\\/03\\\/cropped-2021_07_04-Logo_Redesign-20214-2.png\",\"contentUrl\":\"https:\\\/\\\/www.mechatron-gmbh.de\\\/wp-content\\\/uploads\\\/2022\\\/03\\\/cropped-2021_07_04-Logo_Redesign-20214-2.png\",\"width\":773,\"height\":494,\"caption\":\"mechatron GmbH\"},\"image\":{\"@id\":\"https:\\\/\\\/www.mechatron-gmbh.de\\\/#\\\/schema\\\/logo\\\/image\\\/\"},\"sameAs\":[\"https:\\\/\\\/www.facebook.com\\\/mechatronGmbh\\\/\",\"https:\\\/\\\/www.instagram.com\\\/mechatron_gmbh\\\/?hl=de\",\"https:\\\/\\\/www.youtube.com\\\/channel\\\/UCC1VaQW5icYZ9cwuxyxKlkg\"]}]}<\/script>\n<!-- \/ Yoast SEO plugin. -->","yoast_head_json":{"title":"Produkte | mechatron GmbH","description":"We develop and manufacture first-class high frequency motor spindles in our site in Hessen. As an innovative and dynamic company, we ensure that automated industrial applications can realize high-precision products and that ambitious private end users can reach new horizons.","robots":{"index":"index","follow":"follow","max-snippet":"max-snippet:-1","max-image-preview":"max-image-preview:large","max-video-preview":"max-video-preview:-1"},"canonical":"https:\/\/www.mechatron-gmbh.de\/en\/products\/","og_locale":"en_US","og_type":"article","og_title":"Produkte | mechatron GmbH","og_description":"Wir entwickeln und produzieren hochwertige Hochfrequenzmotorspindeln an unserem Standort in Hessen. Als innovatives und dynamisches Unternehmen sorgen wir daf\u00fcr, dass automatisierte Industrieanwendungen hochpr\u00e4zise fertigen und anspruchsvolle Heimanwender neue Horizonte erreichen k\u00f6nnen.","og_url":"https:\/\/www.mechatron-gmbh.de\/en\/products\/","og_site_name":"mechatron GmbH","article_publisher":"https:\/\/www.facebook.com\/mechatronGmbh\/","article_modified_time":"2024-05-23T13:21:55+00:00","og_image":[{"width":773,"height":494,"url":"https:\/\/www.mechatron-gmbh.de\/wp-content\/uploads\/2022\/03\/cropped-2021_07_04-Logo_Redesign-20214-2.png","type":"image\/png"}],"twitter_card":"summary_large_image","schema":{"@context":"https:\/\/schema.org","@graph":[{"@type":"WebPage","@id":"https:\/\/www.mechatron-gmbh.de\/produkte-mechatron\/","url":"https:\/\/www.mechatron-gmbh.de\/produkte-mechatron\/","name":"Produkte | mechatron GmbH","isPartOf":{"@id":"https:\/\/www.mechatron-gmbh.de\/#website"},"datePublished":"2022-03-23T13:38:21+00:00","dateModified":"2024-05-23T13:21:55+00:00","description":"We develop and manufacture first-class high frequency motor spindles in our site in Hessen. As an innovative and dynamic company, we ensure that automated industrial applications can realize high-precision products and that ambitious private end users can reach new horizons.","breadcrumb":{"@id":"https:\/\/www.mechatron-gmbh.de\/produkte-mechatron\/#breadcrumb"},"inLanguage":"en-US","potentialAction":[{"@type":"ReadAction","target":["https:\/\/www.mechatron-gmbh.de\/produkte-mechatron\/"]}]},{"@type":"BreadcrumbList","@id":"https:\/\/www.mechatron-gmbh.de\/produkte-mechatron\/#breadcrumb","itemListElement":[{"@type":"ListItem","position":1,"name":"Startseite","item":"https:\/\/www.mechatron-gmbh.de\/"},{"@type":"ListItem","position":2,"name":"Produkte"}]},{"@type":"WebSite","@id":"https:\/\/www.mechatron-gmbh.de\/#website","url":"https:\/\/www.mechatron-gmbh.de\/","name":"mechatron GmbH","description":"Your professional partner for motor spindles.","publisher":{"@id":"https:\/\/www.mechatron-gmbh.de\/#organization"},"potentialAction":[{"@type":"SearchAction","target":{"@type":"EntryPoint","urlTemplate":"https:\/\/www.mechatron-gmbh.de\/?s={search_term_string}"},"query-input":{"@type":"PropertyValueSpecification","valueRequired":true,"valueName":"search_term_string"}}],"inLanguage":"en-US"},{"@type":"Organization","@id":"https:\/\/www.mechatron-gmbh.de\/#organization","name":"mechatron GmbH","url":"https:\/\/www.mechatron-gmbh.de\/","logo":{"@type":"ImageObject","inLanguage":"en-US","@id":"https:\/\/www.mechatron-gmbh.de\/#\/schema\/logo\/image\/","url":"https:\/\/www.mechatron-gmbh.de\/wp-content\/uploads\/2022\/03\/cropped-2021_07_04-Logo_Redesign-20214-2.png","contentUrl":"https:\/\/www.mechatron-gmbh.de\/wp-content\/uploads\/2022\/03\/cropped-2021_07_04-Logo_Redesign-20214-2.png","width":773,"height":494,"caption":"mechatron GmbH"},"image":{"@id":"https:\/\/www.mechatron-gmbh.de\/#\/schema\/logo\/image\/"},"sameAs":["https:\/\/www.facebook.com\/mechatronGmbh\/","https:\/\/www.instagram.com\/mechatron_gmbh\/?hl=de","https:\/\/www.youtube.com\/channel\/UCC1VaQW5icYZ9cwuxyxKlkg"]}]}},"_links":{"self":[{"href":"https:\/\/www.mechatron-gmbh.de\/en\/wp-json\/wp\/v2\/pages\/83","targetHints":{"allow":["GET"]}}],"collection":[{"href":"https:\/\/www.mechatron-gmbh.de\/en\/wp-json\/wp\/v2\/pages"}],"about":[{"href":"https:\/\/www.mechatron-gmbh.de\/en\/wp-json\/wp\/v2\/types\/page"}],"author":[{"embeddable":true,"href":"https:\/\/www.mechatron-gmbh.de\/en\/wp-json\/wp\/v2\/users\/1"}],"replies":[{"embeddable":true,"href":"https:\/\/www.mechatron-gmbh.de\/en\/wp-json\/wp\/v2\/comments?post=83"}],"version-history":[{"count":1,"href":"https:\/\/www.mechatron-gmbh.de\/en\/wp-json\/wp\/v2\/pages\/83\/revisions"}],"predecessor-version":[{"id":84,"href":"https:\/\/www.mechatron-gmbh.de\/en\/wp-json\/wp\/v2\/pages\/83\/revisions\/84"}],"wp:attachment":[{"href":"https:\/\/www.mechatron-gmbh.de\/en\/wp-json\/wp\/v2\/media?parent=83"}],"curies":[{"name":"wp","href":"https:\/\/api.w.org\/{rel}","templated":true}]}}