{"id":175,"date":"2022-10-11T15:04:48","date_gmt":"2022-10-11T13:04:48","guid":{"rendered":"https:\/\/www.mechatron-gmbh.de\/?page_id=175"},"modified":"2024-05-23T12:12:46","modified_gmt":"2024-05-23T10:12:46","slug":"prochange-series","status":"publish","type":"page","link":"https:\/\/www.mechatron-gmbh.de\/en\/produkte-mechatron\/prochange-serie-mechatron\/","title":{"rendered":"proChange series"},"content":{"rendered":"<p>Pneumatic Tool Change<\/p>","protected":false},"excerpt":{"rendered":"<p>Pneumatic Tool Change<\/p>","protected":false},"author":1,"featured_media":0,"parent":83,"menu_order":0,"comment_status":"closed","ping_status":"closed","template":"","meta":{"_acf_changed":false,"footnotes":""},"class_list":["post-175","page","type-page","status-publish","hentry"],"acf":[],"yoast_head":"<!-- This site is optimized with the Yoast SEO plugin v27.3 - https:\/\/yoast.com\/product\/yoast-seo-wordpress\/ -->\n<title>proChange Serie | mechatron GmbH<\/title>\n<meta name=\"description\" content=\"Mit den Spindeln der proChange-Serie steigern Sie durch Vollautomatisierung die Wirtschaftlichkeit ihrer Fertigungsprozesse. Dank der pneumatischen Werkzeugwechsler k\u00f6nnen die Werkzeuge ohne menschliches Eingreifen gewechselt werden. Somit lassen sich h\u00f6here Taktzeiten bei gleichzeitig niedrigeren Personalkosten verwirklichen. Durch die verbauten Sensoren zur Spann\u00fcberwachung wird h\u00f6chste Prozesssicherheit gew\u00e4hrleistet.\" \/>\n<meta name=\"robots\" content=\"index, follow, max-snippet:-1, max-image-preview:large, max-video-preview:-1\" \/>\n<link rel=\"canonical\" href=\"https:\/\/www.mechatron-gmbh.de\/en\/products\/prochange-series\/\" \/>\n<meta property=\"og:locale\" content=\"en_US\" \/>\n<meta property=\"og:type\" content=\"article\" \/>\n<meta property=\"og:title\" content=\"proChange Serie | mechatron GmbH\" \/>\n<meta property=\"og:description\" content=\"Mit den Spindeln der proChange-Serie steigern Sie durch Vollautomatisierung die Wirtschaftlichkeit ihrer Fertigungsprozesse. Dank der pneumatischen Werkzeugwechsler k\u00f6nnen die Werkzeuge ohne menschliches Eingreifen gewechselt werden. Somit lassen sich h\u00f6here Taktzeiten bei gleichzeitig niedrigeren Personalkosten verwirklichen. Durch die verbauten Sensoren zur Spann\u00fcberwachung wird h\u00f6chste Prozesssicherheit gew\u00e4hrleistet.\" \/>\n<meta property=\"og:url\" content=\"https:\/\/www.mechatron-gmbh.de\/en\/products\/prochange-series\/\" \/>\n<meta property=\"og:site_name\" content=\"mechatron GmbH\" \/>\n<meta property=\"article:publisher\" content=\"https:\/\/www.facebook.com\/mechatronGmbh\/\" \/>\n<meta property=\"article:modified_time\" content=\"2024-05-23T10:12:46+00:00\" \/>\n<meta property=\"og:image\" content=\"https:\/\/www.mechatron-gmbh.de\/wp-content\/uploads\/2022\/03\/cropped-2021_07_04-Logo_Redesign-20214-2.png\" \/>\n\t<meta property=\"og:image:width\" content=\"773\" \/>\n\t<meta property=\"og:image:height\" content=\"494\" \/>\n\t<meta property=\"og:image:type\" content=\"image\/png\" \/>\n<meta name=\"twitter:card\" content=\"summary_large_image\" \/>\n<meta name=\"twitter:label1\" content=\"Est. reading time\" \/>\n\t<meta name=\"twitter:data1\" content=\"8 minutes\" \/>\n<script type=\"application\/ld+json\" class=\"yoast-schema-graph\">{\"@context\":\"https:\\\/\\\/schema.org\",\"@graph\":[{\"@type\":\"WebPage\",\"@id\":\"https:\\\/\\\/www.mechatron-gmbh.de\\\/produkte-mechatron\\\/prochange-serie-mechatron\\\/\",\"url\":\"https:\\\/\\\/www.mechatron-gmbh.de\\\/produkte-mechatron\\\/prochange-serie-mechatron\\\/\",\"name\":\"proChange Serie | mechatron GmbH\",\"isPartOf\":{\"@id\":\"https:\\\/\\\/www.mechatron-gmbh.de\\\/#website\"},\"datePublished\":\"2022-10-11T13:04:48+00:00\",\"dateModified\":\"2024-05-23T10:12:46+00:00\",\"description\":\"Mit den Spindeln der proChange-Serie steigern Sie durch Vollautomatisierung die Wirtschaftlichkeit ihrer Fertigungsprozesse. Dank der pneumatischen Werkzeugwechsler k\u00f6nnen die Werkzeuge ohne menschliches Eingreifen gewechselt werden. Somit lassen sich h\u00f6here Taktzeiten bei gleichzeitig niedrigeren Personalkosten verwirklichen. Durch die verbauten Sensoren zur Spann\u00fcberwachung wird h\u00f6chste Prozesssicherheit gew\u00e4hrleistet.\",\"breadcrumb\":{\"@id\":\"https:\\\/\\\/www.mechatron-gmbh.de\\\/produkte-mechatron\\\/prochange-serie-mechatron\\\/#breadcrumb\"},\"inLanguage\":\"en-US\",\"potentialAction\":[{\"@type\":\"ReadAction\",\"target\":[\"https:\\\/\\\/www.mechatron-gmbh.de\\\/produkte-mechatron\\\/prochange-serie-mechatron\\\/\"]}]},{\"@type\":\"BreadcrumbList\",\"@id\":\"https:\\\/\\\/www.mechatron-gmbh.de\\\/produkte-mechatron\\\/prochange-serie-mechatron\\\/#breadcrumb\",\"itemListElement\":[{\"@type\":\"ListItem\",\"position\":1,\"name\":\"Startseite\",\"item\":\"https:\\\/\\\/www.mechatron-gmbh.de\\\/\"},{\"@type\":\"ListItem\",\"position\":2,\"name\":\"Produkte\",\"item\":\"https:\\\/\\\/www.mechatron-gmbh.de\\\/produkte-mechatron\\\/\"},{\"@type\":\"ListItem\",\"position\":3,\"name\":\"proChange Serie\"}]},{\"@type\":\"WebSite\",\"@id\":\"https:\\\/\\\/www.mechatron-gmbh.de\\\/#website\",\"url\":\"https:\\\/\\\/www.mechatron-gmbh.de\\\/\",\"name\":\"mechatron GmbH\",\"description\":\"Ihr professioneller Partner fu\u0308r Motorspindeln\",\"publisher\":{\"@id\":\"https:\\\/\\\/www.mechatron-gmbh.de\\\/#organization\"},\"potentialAction\":[{\"@type\":\"SearchAction\",\"target\":{\"@type\":\"EntryPoint\",\"urlTemplate\":\"https:\\\/\\\/www.mechatron-gmbh.de\\\/?s={search_term_string}\"},\"query-input\":{\"@type\":\"PropertyValueSpecification\",\"valueRequired\":true,\"valueName\":\"search_term_string\"}}],\"inLanguage\":\"en-US\"},{\"@type\":\"Organization\",\"@id\":\"https:\\\/\\\/www.mechatron-gmbh.de\\\/#organization\",\"name\":\"mechatron GmbH\",\"url\":\"https:\\\/\\\/www.mechatron-gmbh.de\\\/\",\"logo\":{\"@type\":\"ImageObject\",\"inLanguage\":\"en-US\",\"@id\":\"https:\\\/\\\/www.mechatron-gmbh.de\\\/#\\\/schema\\\/logo\\\/image\\\/\",\"url\":\"https:\\\/\\\/www.mechatron-gmbh.de\\\/wp-content\\\/uploads\\\/2022\\\/03\\\/cropped-2021_07_04-Logo_Redesign-20214-2.png\",\"contentUrl\":\"https:\\\/\\\/www.mechatron-gmbh.de\\\/wp-content\\\/uploads\\\/2022\\\/03\\\/cropped-2021_07_04-Logo_Redesign-20214-2.png\",\"width\":773,\"height\":494,\"caption\":\"mechatron GmbH\"},\"image\":{\"@id\":\"https:\\\/\\\/www.mechatron-gmbh.de\\\/#\\\/schema\\\/logo\\\/image\\\/\"},\"sameAs\":[\"https:\\\/\\\/www.facebook.com\\\/mechatronGmbh\\\/\",\"https:\\\/\\\/www.instagram.com\\\/mechatron_gmbh\\\/?hl=de\",\"https:\\\/\\\/www.youtube.com\\\/channel\\\/UCC1VaQW5icYZ9cwuxyxKlkg\"]}]}<\/script>\n<!-- \/ Yoast SEO plugin. -->","yoast_head_json":{"title":"proChange Serie | mechatron GmbH","description":"With the spindles in the proChange series, you can increase the efficiency of your production processes through full automation. Thanks to the pneumatic tool changer, tools can be changed without human intervention. This means that higher cycle times can be achieved with lower personnel costs. The built-in sensors for clamping monitoring ensure maximum process reliability.","robots":{"index":"index","follow":"follow","max-snippet":"max-snippet:-1","max-image-preview":"max-image-preview:large","max-video-preview":"max-video-preview:-1"},"canonical":"https:\/\/www.mechatron-gmbh.de\/en\/products\/prochange-series\/","og_locale":"en_US","og_type":"article","og_title":"proChange Serie | mechatron GmbH","og_description":"Mit den Spindeln der proChange-Serie steigern Sie durch Vollautomatisierung die Wirtschaftlichkeit ihrer Fertigungsprozesse. Dank der pneumatischen Werkzeugwechsler k\u00f6nnen die Werkzeuge ohne menschliches Eingreifen gewechselt werden. Somit lassen sich h\u00f6here Taktzeiten bei gleichzeitig niedrigeren Personalkosten verwirklichen. Durch die verbauten Sensoren zur Spann\u00fcberwachung wird h\u00f6chste Prozesssicherheit gew\u00e4hrleistet.","og_url":"https:\/\/www.mechatron-gmbh.de\/en\/products\/prochange-series\/","og_site_name":"mechatron GmbH","article_publisher":"https:\/\/www.facebook.com\/mechatronGmbh\/","article_modified_time":"2024-05-23T10:12:46+00:00","og_image":[{"width":773,"height":494,"url":"https:\/\/www.mechatron-gmbh.de\/wp-content\/uploads\/2022\/03\/cropped-2021_07_04-Logo_Redesign-20214-2.png","type":"image\/png"}],"twitter_card":"summary_large_image","twitter_misc":{"Est. reading time":"8 minutes"},"schema":{"@context":"https:\/\/schema.org","@graph":[{"@type":"WebPage","@id":"https:\/\/www.mechatron-gmbh.de\/produkte-mechatron\/prochange-serie-mechatron\/","url":"https:\/\/www.mechatron-gmbh.de\/produkte-mechatron\/prochange-serie-mechatron\/","name":"proChange Serie | mechatron GmbH","isPartOf":{"@id":"https:\/\/www.mechatron-gmbh.de\/#website"},"datePublished":"2022-10-11T13:04:48+00:00","dateModified":"2024-05-23T10:12:46+00:00","description":"With the spindles in the proChange series, you can increase the efficiency of your production processes through full automation. Thanks to the pneumatic tool changer, tools can be changed without human intervention. This means that higher cycle times can be achieved with lower personnel costs. The built-in sensors for clamping monitoring ensure maximum process reliability.","breadcrumb":{"@id":"https:\/\/www.mechatron-gmbh.de\/produkte-mechatron\/prochange-serie-mechatron\/#breadcrumb"},"inLanguage":"en-US","potentialAction":[{"@type":"ReadAction","target":["https:\/\/www.mechatron-gmbh.de\/produkte-mechatron\/prochange-serie-mechatron\/"]}]},{"@type":"BreadcrumbList","@id":"https:\/\/www.mechatron-gmbh.de\/produkte-mechatron\/prochange-serie-mechatron\/#breadcrumb","itemListElement":[{"@type":"ListItem","position":1,"name":"Startseite","item":"https:\/\/www.mechatron-gmbh.de\/"},{"@type":"ListItem","position":2,"name":"Produkte","item":"https:\/\/www.mechatron-gmbh.de\/produkte-mechatron\/"},{"@type":"ListItem","position":3,"name":"proChange Serie"}]},{"@type":"WebSite","@id":"https:\/\/www.mechatron-gmbh.de\/#website","url":"https:\/\/www.mechatron-gmbh.de\/","name":"mechatron GmbH","description":"Your professional partner for motor spindles.","publisher":{"@id":"https:\/\/www.mechatron-gmbh.de\/#organization"},"potentialAction":[{"@type":"SearchAction","target":{"@type":"EntryPoint","urlTemplate":"https:\/\/www.mechatron-gmbh.de\/?s={search_term_string}"},"query-input":{"@type":"PropertyValueSpecification","valueRequired":true,"valueName":"search_term_string"}}],"inLanguage":"en-US"},{"@type":"Organization","@id":"https:\/\/www.mechatron-gmbh.de\/#organization","name":"mechatron GmbH","url":"https:\/\/www.mechatron-gmbh.de\/","logo":{"@type":"ImageObject","inLanguage":"en-US","@id":"https:\/\/www.mechatron-gmbh.de\/#\/schema\/logo\/image\/","url":"https:\/\/www.mechatron-gmbh.de\/wp-content\/uploads\/2022\/03\/cropped-2021_07_04-Logo_Redesign-20214-2.png","contentUrl":"https:\/\/www.mechatron-gmbh.de\/wp-content\/uploads\/2022\/03\/cropped-2021_07_04-Logo_Redesign-20214-2.png","width":773,"height":494,"caption":"mechatron GmbH"},"image":{"@id":"https:\/\/www.mechatron-gmbh.de\/#\/schema\/logo\/image\/"},"sameAs":["https:\/\/www.facebook.com\/mechatronGmbh\/","https:\/\/www.instagram.com\/mechatron_gmbh\/?hl=de","https:\/\/www.youtube.com\/channel\/UCC1VaQW5icYZ9cwuxyxKlkg"]}]}},"_links":{"self":[{"href":"https:\/\/www.mechatron-gmbh.de\/en\/wp-json\/wp\/v2\/pages\/175","targetHints":{"allow":["GET"]}}],"collection":[{"href":"https:\/\/www.mechatron-gmbh.de\/en\/wp-json\/wp\/v2\/pages"}],"about":[{"href":"https:\/\/www.mechatron-gmbh.de\/en\/wp-json\/wp\/v2\/types\/page"}],"author":[{"embeddable":true,"href":"https:\/\/www.mechatron-gmbh.de\/en\/wp-json\/wp\/v2\/users\/1"}],"replies":[{"embeddable":true,"href":"https:\/\/www.mechatron-gmbh.de\/en\/wp-json\/wp\/v2\/comments?post=175"}],"version-history":[{"count":6,"href":"https:\/\/www.mechatron-gmbh.de\/en\/wp-json\/wp\/v2\/pages\/175\/revisions"}],"predecessor-version":[{"id":223,"href":"https:\/\/www.mechatron-gmbh.de\/en\/wp-json\/wp\/v2\/pages\/175\/revisions\/223"}],"up":[{"embeddable":true,"href":"https:\/\/www.mechatron-gmbh.de\/en\/wp-json\/wp\/v2\/pages\/83"}],"wp:attachment":[{"href":"https:\/\/www.mechatron-gmbh.de\/en\/wp-json\/wp\/v2\/media?parent=175"}],"curies":[{"name":"wp","href":"https:\/\/api.w.org\/{rel}","templated":true}]}}